{"id":492,"date":"2021-03-12T10:16:22","date_gmt":"2021-03-12T10:16:22","guid":{"rendered":"http:\/\/lenkakerlicka.com\/product\/middle-circle-diamond-necklace-no-01\/"},"modified":"2024-04-14T13:31:14","modified_gmt":"2024-04-14T13:31:14","slug":"middle-circle-diamond-necklace-no-01","status":"publish","type":"product","link":"https:\/\/www.lenkakerlicka.com\/cs\/product\/middle-circle-diamond-necklace-no-01\/","title":{"rendered":"Middle Circle Diamond necklace No. 01"},"content":{"rendered":"<p><span style=\"font-weight: 400;\">P\u016fvabn\u00fd n\u00e1hrdeln\u00edk vyroben\u00fd z 18k zlata s ru\u010dn\u011b vsazen\u00fdmi diamanty do organick\u00e9ho tvaru kruhu, symbolu nekone\u010dna. D\u00edky speci\u00e1ln\u00ed autorsk\u00e9 technice Lenky Kerlick\u00e9 m\u00e1 ka\u017ed\u00fd k\u00e1men dostate\u010dn\u00fd p\u0159\u00edstup sv\u011btla pro vytvo\u0159en\u00ed zaj\u00edmav\u00e9 hry barev, kter\u00e1 zaujme a dod\u00e1 sv\u00e9 nositelce na jedine\u010dnosti. N\u00edzk\u00e9 ukotven\u00ed kamen\u016f ve zlat\u011b zaru\u010duje pohodln\u00e9 no\u0161en\u00ed bez zatrh\u00e1v\u00e1n\u00ed.<\/span><\/p>\n","protected":false},"excerpt":{"rendered":"<p>P\u016fvabn\u00fd n\u00e1hrdeln\u00edk vyroben\u00fd z 18k zlata s ru\u010dn\u011b vsazen\u00fdmi diamanty do organick\u00e9ho tvaru kruhu, symbolu&#8230;<\/p>\n","protected":false},"featured_media":496,"template":"","meta":[],"product_cat":[69],"product_tag":[72],"class_list":{"0":"post-492","1":"product","2":"type-product","3":"status-publish","4":"has-post-thumbnail","6":"product_cat-nahrdelniky","7":"product_tag-drops-of-sparkle-cs","9":"first","10":"instock","11":"sold-individually","12":"taxable","13":"shipping-taxable","14":"purchasable","15":"product-type-variable"},"_links":{"self":[{"href":"https:\/\/www.lenkakerlicka.com\/cs\/wp-json\/wp\/v2\/product\/492","targetHints":{"allow":["GET"]}}],"collection":[{"href":"https:\/\/www.lenkakerlicka.com\/cs\/wp-json\/wp\/v2\/product"}],"about":[{"href":"https:\/\/www.lenkakerlicka.com\/cs\/wp-json\/wp\/v2\/types\/product"}],"wp:featuredmedia":[{"embeddable":true,"href":"https:\/\/www.lenkakerlicka.com\/cs\/wp-json\/wp\/v2\/media\/496"}],"wp:attachment":[{"href":"https:\/\/www.lenkakerlicka.com\/cs\/wp-json\/wp\/v2\/media?parent=492"}],"wp:term":[{"taxonomy":"product_cat","embeddable":true,"href":"https:\/\/www.lenkakerlicka.com\/cs\/wp-json\/wp\/v2\/product_cat?post=492"},{"taxonomy":"product_tag","embeddable":true,"href":"https:\/\/www.lenkakerlicka.com\/cs\/wp-json\/wp\/v2\/product_tag?post=492"}],"curies":[{"name":"wp","href":"https:\/\/api.w.org\/{rel}","templated":true}]}}