{"id":522,"date":"2021-03-13T11:57:04","date_gmt":"2021-03-13T11:57:04","guid":{"rendered":"http:\/\/lenkakerlicka.com\/product\/fusion-diamond-bracelet-no-01\/"},"modified":"2024-04-14T13:25:56","modified_gmt":"2024-04-14T13:25:56","slug":"fusion-diamond-bracelet-no-01","status":"publish","type":"product","link":"https:\/\/www.lenkakerlicka.com\/cs\/product\/fusion-diamond-bracelet-no-01\/","title":{"rendered":"Fusion Diamond Bracelet No. 01"},"content":{"rendered":"<p><span style=\"font-weight: 400;\">Elegantn\u00ed n\u00e1ramek s ru\u010dn\u011b vsazen\u00fdmi p\u0159\u00edrodn\u00edmi diamanty do 18k zlata. Unik\u00e1tn\u00ed design pohodln\u011b obklopuje z\u00e1p\u011bst\u00ed a na prvn\u00ed pohled zaujme kontrastn\u00ed kombinac\u00ed ru\u010dn\u011b tvarovan\u00e9ho zlata s t\u0159pytiv\u00fdmi kameny zasazen\u00fdmi do drobn\u00e9ho clusteru na \u010deln\u00ed stran\u011b n\u00e1ramku. Perfektn\u011b dr\u017e\u00ed na ruce a d\u00edky precizn\u00edmu zpracov\u00e1n\u00ed je p\u0159\u00edjemn\u00fd na no\u0161en\u00ed.<\/span><\/p>\n","protected":false},"excerpt":{"rendered":"<p>Elegantn\u00ed n\u00e1ramek s ru\u010dn\u011b vsazen\u00fdmi p\u0159\u00edrodn\u00edmi diamanty do 18k zlata. Unik\u00e1tn\u00ed design pohodln\u011b obklopuje z\u00e1p\u011bst\u00ed&#8230;<\/p>\n","protected":false},"featured_media":523,"template":"","meta":[],"product_cat":[66],"product_tag":[73],"class_list":{"0":"post-522","1":"product","2":"type-product","3":"status-publish","4":"has-post-thumbnail","6":"product_cat-naramky","7":"product_tag-fusion-cs","9":"first","10":"instock","11":"sold-individually","12":"taxable","13":"shipping-taxable","14":"purchasable","15":"product-type-variable"},"_links":{"self":[{"href":"https:\/\/www.lenkakerlicka.com\/cs\/wp-json\/wp\/v2\/product\/522","targetHints":{"allow":["GET"]}}],"collection":[{"href":"https:\/\/www.lenkakerlicka.com\/cs\/wp-json\/wp\/v2\/product"}],"about":[{"href":"https:\/\/www.lenkakerlicka.com\/cs\/wp-json\/wp\/v2\/types\/product"}],"wp:featuredmedia":[{"embeddable":true,"href":"https:\/\/www.lenkakerlicka.com\/cs\/wp-json\/wp\/v2\/media\/523"}],"wp:attachment":[{"href":"https:\/\/www.lenkakerlicka.com\/cs\/wp-json\/wp\/v2\/media?parent=522"}],"wp:term":[{"taxonomy":"product_cat","embeddable":true,"href":"https:\/\/www.lenkakerlicka.com\/cs\/wp-json\/wp\/v2\/product_cat?post=522"},{"taxonomy":"product_tag","embeddable":true,"href":"https:\/\/www.lenkakerlicka.com\/cs\/wp-json\/wp\/v2\/product_tag?post=522"}],"curies":[{"name":"wp","href":"https:\/\/api.w.org\/{rel}","templated":true}]}}