{"id":527,"date":"2021-03-13T12:04:17","date_gmt":"2021-03-13T12:04:17","guid":{"rendered":"http:\/\/lenkakerlicka.com\/product\/fusion-diamond-bracelet-no-02\/"},"modified":"2024-04-14T13:26:29","modified_gmt":"2024-04-14T13:26:29","slug":"fusion-diamond-bracelet-no-02","status":"publish","type":"product","link":"https:\/\/www.lenkakerlicka.com\/cs\/product\/fusion-diamond-bracelet-no-02\/","title":{"rendered":"Fusion Diamond Bracelet No. 02"},"content":{"rendered":"<p><span style=\"font-weight: 400;\">Elegantn\u00ed n\u00e1ramek s ru\u010dn\u011b vsazen\u00fdmi p\u0159\u00edrodn\u00edmi diamanty do 18k zlata. Unik\u00e1tn\u00ed design pohodln\u011b obklopuje z\u00e1p\u011bst\u00ed a na prvn\u00ed pohled zaujme kontrastn\u00ed kombinac\u00ed ru\u010dn\u011b tvarovan\u00e9ho zlata s t\u0159pytiv\u00fdmi kameny, kter\u00e9 jemn\u011b p\u0159er\u016fstaj\u00ed i na h\u0159bet ruky. Ka\u017ed\u00fd \u0161perk je d\u00edky ru\u010dn\u00ed v\u00fdrob\u011b odli\u0161n\u00fd. Perfektn\u011b dr\u017e\u00ed na ruce a d\u00edky precizn\u00edmu zpracov\u00e1n\u00ed je pohodln\u00fd p\u0159\u00edjemn\u00fd na no\u0161en\u00ed.<\/span><\/p>\n","protected":false},"excerpt":{"rendered":"<p>Elegantn\u00ed n\u00e1ramek s ru\u010dn\u011b vsazen\u00fdmi p\u0159\u00edrodn\u00edmi diamanty do 18k zlata. Unik\u00e1tn\u00ed design pohodln\u011b obklopuje z\u00e1p\u011bst\u00ed&#8230;<\/p>\n","protected":false},"featured_media":528,"template":"","meta":[],"product_cat":[66],"product_tag":[73],"class_list":{"0":"post-527","1":"product","2":"type-product","3":"status-publish","4":"has-post-thumbnail","6":"product_cat-naramky","7":"product_tag-fusion-cs","9":"first","10":"instock","11":"sold-individually","12":"taxable","13":"shipping-taxable","14":"purchasable","15":"product-type-variable"},"_links":{"self":[{"href":"https:\/\/www.lenkakerlicka.com\/cs\/wp-json\/wp\/v2\/product\/527","targetHints":{"allow":["GET"]}}],"collection":[{"href":"https:\/\/www.lenkakerlicka.com\/cs\/wp-json\/wp\/v2\/product"}],"about":[{"href":"https:\/\/www.lenkakerlicka.com\/cs\/wp-json\/wp\/v2\/types\/product"}],"wp:featuredmedia":[{"embeddable":true,"href":"https:\/\/www.lenkakerlicka.com\/cs\/wp-json\/wp\/v2\/media\/528"}],"wp:attachment":[{"href":"https:\/\/www.lenkakerlicka.com\/cs\/wp-json\/wp\/v2\/media?parent=527"}],"wp:term":[{"taxonomy":"product_cat","embeddable":true,"href":"https:\/\/www.lenkakerlicka.com\/cs\/wp-json\/wp\/v2\/product_cat?post=527"},{"taxonomy":"product_tag","embeddable":true,"href":"https:\/\/www.lenkakerlicka.com\/cs\/wp-json\/wp\/v2\/product_tag?post=527"}],"curies":[{"name":"wp","href":"https:\/\/api.w.org\/{rel}","templated":true}]}}