{"id":532,"date":"2021-03-13T12:26:38","date_gmt":"2021-03-13T12:26:38","guid":{"rendered":"http:\/\/lenkakerlicka.com\/product\/fusion-diamond-big-earrings-no-01\/"},"modified":"2024-04-13T14:30:14","modified_gmt":"2024-04-13T14:30:14","slug":"fusion-diamond-big-earrings-no-01","status":"publish","type":"product","link":"https:\/\/www.lenkakerlicka.com\/cs\/product\/fusion-diamond-big-earrings-no-01\/","title":{"rendered":"Fusion Diamond Big earrings No. 01"},"content":{"rendered":"<p><span style=\"font-weight: 400;\">Origin\u00e1ln\u00ed n\u00e1u\u0161nice ve tvaru organick\u00e9ho ov\u00e1lu s ru\u010dn\u011b vsazen\u00fdmi p\u0159\u00edrodn\u00edmi diamanty do 18k zlata. Ide\u00e1ln\u00ed pro ty, kte\u0159\u00ed r\u00e1di nos\u00ed v\u00fdrazn\u00e9, jedine\u010dn\u00e9 kousky. Unik\u00e1tn\u00ed design na prvn\u00ed pohled zaujme kontrastn\u00ed kombinac\u00ed ru\u010dn\u011b tvarovan\u00e9ho zlata s t\u0159pytiv\u00fdmi kameny vyr\u016fstaj\u00edc\u00ed z hmoty do st\u0159edu \u0161perku. D\u00edky detailn\u00edmu zpracov\u00e1n\u00ed jsou pohodln\u00e9 na no\u0161en\u00ed.<\/span><\/p>\n","protected":false},"excerpt":{"rendered":"<p>Origin\u00e1ln\u00ed n\u00e1u\u0161nice ve tvaru organick\u00e9ho ov\u00e1lu s ru\u010dn\u011b vsazen\u00fdmi p\u0159\u00edrodn\u00edmi diamanty do 18k zlata. Ide\u00e1ln\u00ed&#8230;<\/p>\n","protected":false},"featured_media":533,"template":"","meta":[],"product_cat":[68],"product_tag":[73],"class_list":{"0":"post-532","1":"product","2":"type-product","3":"status-publish","4":"has-post-thumbnail","6":"product_cat-nausnice","7":"product_tag-fusion-cs","9":"first","10":"instock","11":"sold-individually","12":"taxable","13":"shipping-taxable","14":"purchasable","15":"product-type-variable"},"_links":{"self":[{"href":"https:\/\/www.lenkakerlicka.com\/cs\/wp-json\/wp\/v2\/product\/532","targetHints":{"allow":["GET"]}}],"collection":[{"href":"https:\/\/www.lenkakerlicka.com\/cs\/wp-json\/wp\/v2\/product"}],"about":[{"href":"https:\/\/www.lenkakerlicka.com\/cs\/wp-json\/wp\/v2\/types\/product"}],"wp:featuredmedia":[{"embeddable":true,"href":"https:\/\/www.lenkakerlicka.com\/cs\/wp-json\/wp\/v2\/media\/533"}],"wp:attachment":[{"href":"https:\/\/www.lenkakerlicka.com\/cs\/wp-json\/wp\/v2\/media?parent=532"}],"wp:term":[{"taxonomy":"product_cat","embeddable":true,"href":"https:\/\/www.lenkakerlicka.com\/cs\/wp-json\/wp\/v2\/product_cat?post=532"},{"taxonomy":"product_tag","embeddable":true,"href":"https:\/\/www.lenkakerlicka.com\/cs\/wp-json\/wp\/v2\/product_tag?post=532"}],"curies":[{"name":"wp","href":"https:\/\/api.w.org\/{rel}","templated":true}]}}