{"id":536,"date":"2021-03-13T12:32:57","date_gmt":"2021-03-13T12:32:57","guid":{"rendered":"http:\/\/lenkakerlicka.com\/product\/fusion-diamond-ring-no-02\/"},"modified":"2024-04-14T13:27:07","modified_gmt":"2024-04-14T13:27:07","slug":"fusion-diamond-ring-no-02","status":"publish","type":"product","link":"https:\/\/www.lenkakerlicka.com\/cs\/product\/fusion-diamond-ring-no-02\/","title":{"rendered":"Fusion Diamond ring No. 02"},"content":{"rendered":"<p><span style=\"font-weight: 400;\">Luxusn\u00ed prsten s ru\u010dn\u011b vsazen\u00fdmi p\u0159\u00edrodn\u00edmi diamanty do 18k zlata. Perfektn\u00ed pro ty, kte\u0159\u00ed miluj\u00ed odv\u00e1\u017en\u00e9, elegantn\u00ed kousky. Origin\u00e1ln\u00ed design na prvn\u00ed pohled zaujme kontrastn\u00ed kombinac\u00ed ru\u010dn\u011b tvarovan\u00e9ho zlata s organickou lini\u00ed t\u0159pytiv\u00fdch kamen\u016f. Pro pohodln\u00fd pohyb prstu se zlat\u00e9 cesty na vnit\u0159n\u00ed stran\u011b harmonicky sb\u00edhaj\u00ed k sob\u011b. Neobvykl\u00fd a z\u00e1rove\u0148 pohodln\u00fd \u0161perk pro jakoukoliv p\u0159\u00edle\u017eitost.<\/span><\/p>\n","protected":false},"excerpt":{"rendered":"<p>Luxusn\u00ed prsten s ru\u010dn\u011b vsazen\u00fdmi p\u0159\u00edrodn\u00edmi diamanty do 18k zlata. Perfektn\u00ed pro ty, kte\u0159\u00ed miluj\u00ed&#8230;<\/p>\n","protected":false},"featured_media":537,"template":"","meta":[],"product_cat":[71],"product_tag":[73],"class_list":{"0":"post-536","1":"product","2":"type-product","3":"status-publish","4":"has-post-thumbnail","6":"product_cat-prsteny","7":"product_tag-fusion-cs","9":"first","10":"instock","11":"sold-individually","12":"taxable","13":"shipping-taxable","14":"purchasable","15":"product-type-variable"},"_links":{"self":[{"href":"https:\/\/www.lenkakerlicka.com\/cs\/wp-json\/wp\/v2\/product\/536","targetHints":{"allow":["GET"]}}],"collection":[{"href":"https:\/\/www.lenkakerlicka.com\/cs\/wp-json\/wp\/v2\/product"}],"about":[{"href":"https:\/\/www.lenkakerlicka.com\/cs\/wp-json\/wp\/v2\/types\/product"}],"wp:featuredmedia":[{"embeddable":true,"href":"https:\/\/www.lenkakerlicka.com\/cs\/wp-json\/wp\/v2\/media\/537"}],"wp:attachment":[{"href":"https:\/\/www.lenkakerlicka.com\/cs\/wp-json\/wp\/v2\/media?parent=536"}],"wp:term":[{"taxonomy":"product_cat","embeddable":true,"href":"https:\/\/www.lenkakerlicka.com\/cs\/wp-json\/wp\/v2\/product_cat?post=536"},{"taxonomy":"product_tag","embeddable":true,"href":"https:\/\/www.lenkakerlicka.com\/cs\/wp-json\/wp\/v2\/product_tag?post=536"}],"curies":[{"name":"wp","href":"https:\/\/api.w.org\/{rel}","templated":true}]}}