{"id":541,"date":"2021-03-12T18:29:09","date_gmt":"2021-03-12T18:29:09","guid":{"rendered":"http:\/\/lenkakerlicka.com\/product\/wrap-big-gold-earrings-no-01\/"},"modified":"2024-04-14T14:38:10","modified_gmt":"2024-04-14T14:38:10","slug":"wrap-big-gold-earrings-no-01","status":"publish","type":"product","link":"https:\/\/www.lenkakerlicka.com\/cs\/product\/wrap-big-gold-earrings-no-01\/","title":{"rendered":"Wrap Big gold earrings No. 01"},"content":{"rendered":"<p><span style=\"font-weight: 400;\">Origin\u00e1ln\u00ed n\u00e1u\u0161nice ve tvaru organick\u00e9ho ov\u00e1lu z ru\u010dn\u011b tvarovan\u00e9ho 18k zlata. Unik\u00e1tn\u00ed design na prvn\u00ed pohled zaujme sv\u00fdm precizn\u00edm zpracov\u00e1n\u00edm, kter\u00e9 zachycuje zd\u00e1nliv\u011b nepolapiteln\u00fd pohyb chv\u011bj\u00edc\u00edho se vzduchu. Ka\u017ed\u00e1 n\u00e1u\u0161nice se d\u00edky ru\u010dn\u00ed v\u00fdrob\u011b m\u00edrn\u011b li\u0161\u00ed, \u017e\u00e1dn\u00fd p\u00e1r nebude nikdy stejn\u00fd. Perfektn\u011b se nos\u00ed, jsou volbou pro v\u00fdjime\u010dn\u00e9 i ka\u017edodenn\u00ed okam\u017eiky.<\/span><\/p>\n","protected":false},"excerpt":{"rendered":"<p>Origin\u00e1ln\u00ed n\u00e1u\u0161nice ve tvaru organick\u00e9ho ov\u00e1lu z ru\u010dn\u011b tvarovan\u00e9ho 18k zlata. Unik\u00e1tn\u00ed design na prvn\u00ed&#8230;<\/p>\n","protected":false},"featured_media":542,"template":"","meta":[],"product_cat":[68],"product_tag":[74],"class_list":{"0":"post-541","1":"product","2":"type-product","3":"status-publish","4":"has-post-thumbnail","6":"product_cat-nausnice","7":"product_tag-wrap-cs","9":"first","10":"instock","11":"sold-individually","12":"taxable","13":"shipping-taxable","14":"purchasable","15":"product-type-variable"},"_links":{"self":[{"href":"https:\/\/www.lenkakerlicka.com\/cs\/wp-json\/wp\/v2\/product\/541","targetHints":{"allow":["GET"]}}],"collection":[{"href":"https:\/\/www.lenkakerlicka.com\/cs\/wp-json\/wp\/v2\/product"}],"about":[{"href":"https:\/\/www.lenkakerlicka.com\/cs\/wp-json\/wp\/v2\/types\/product"}],"wp:featuredmedia":[{"embeddable":true,"href":"https:\/\/www.lenkakerlicka.com\/cs\/wp-json\/wp\/v2\/media\/542"}],"wp:attachment":[{"href":"https:\/\/www.lenkakerlicka.com\/cs\/wp-json\/wp\/v2\/media?parent=541"}],"wp:term":[{"taxonomy":"product_cat","embeddable":true,"href":"https:\/\/www.lenkakerlicka.com\/cs\/wp-json\/wp\/v2\/product_cat?post=541"},{"taxonomy":"product_tag","embeddable":true,"href":"https:\/\/www.lenkakerlicka.com\/cs\/wp-json\/wp\/v2\/product_tag?post=541"}],"curies":[{"name":"wp","href":"https:\/\/api.w.org\/{rel}","templated":true}]}}