{"id":551,"date":"2021-03-12T18:37:13","date_gmt":"2021-03-12T18:37:13","guid":{"rendered":"http:\/\/lenkakerlicka.com\/product\/wrap-delicate-gold-ring-no-03\/"},"modified":"2024-04-24T16:11:33","modified_gmt":"2024-04-24T16:11:33","slug":"wrap-delicate-gold-ring-no-03","status":"publish","type":"product","link":"https:\/\/www.lenkakerlicka.com\/cs\/product\/wrap-delicate-gold-ring-no-03\/","title":{"rendered":"Wrap Delicate gold ring No. 03"},"content":{"rendered":"<p><span style=\"font-weight: 400;\">Kr\u00e1sn\u00fd prsten z ru\u010dn\u011b tvarovan\u00e9ho 18k zlata. Skv\u011bl\u00e1 volba pro ty, kte\u0159\u00ed miluj\u00ed odv\u00e1\u017en\u00e9 a jedine\u010dn\u00e9 kousky. Origin\u00e1ln\u00ed design na prvn\u00ed pohled ozvl\u00e1\u0161tn\u00ed ruku sv\u00fdm zpracov\u00e1n\u00edm, kter\u00e9 zachycuje zd\u00e1nliv\u011b nepolapiteln\u00fd pohyb chv\u011bj\u00edc\u00edho se vzduchu. Prsten je speci\u00e1ln\u011b navr\u017een tak, aby byl p\u0159\u00edjemn\u00fd a pohodln\u00fd na no\u0161en\u00ed.<\/span><\/p>\n","protected":false},"excerpt":{"rendered":"<p>Kr\u00e1sn\u00fd prsten z ru\u010dn\u011b tvarovan\u00e9ho 18k zlata. Skv\u011bl\u00e1 volba pro ty, kte\u0159\u00ed miluj\u00ed odv\u00e1\u017en\u00e9 a&#8230;<\/p>\n","protected":false},"featured_media":552,"template":"","meta":[],"product_cat":[71],"product_tag":[74],"class_list":{"0":"post-551","1":"product","2":"type-product","3":"status-publish","4":"has-post-thumbnail","6":"product_cat-prsteny","7":"product_tag-wrap-cs","9":"first","10":"instock","11":"sold-individually","12":"taxable","13":"shipping-taxable","14":"purchasable","15":"product-type-variable"},"_links":{"self":[{"href":"https:\/\/www.lenkakerlicka.com\/cs\/wp-json\/wp\/v2\/product\/551","targetHints":{"allow":["GET"]}}],"collection":[{"href":"https:\/\/www.lenkakerlicka.com\/cs\/wp-json\/wp\/v2\/product"}],"about":[{"href":"https:\/\/www.lenkakerlicka.com\/cs\/wp-json\/wp\/v2\/types\/product"}],"wp:featuredmedia":[{"embeddable":true,"href":"https:\/\/www.lenkakerlicka.com\/cs\/wp-json\/wp\/v2\/media\/552"}],"wp:attachment":[{"href":"https:\/\/www.lenkakerlicka.com\/cs\/wp-json\/wp\/v2\/media?parent=551"}],"wp:term":[{"taxonomy":"product_cat","embeddable":true,"href":"https:\/\/www.lenkakerlicka.com\/cs\/wp-json\/wp\/v2\/product_cat?post=551"},{"taxonomy":"product_tag","embeddable":true,"href":"https:\/\/www.lenkakerlicka.com\/cs\/wp-json\/wp\/v2\/product_tag?post=551"}],"curies":[{"name":"wp","href":"https:\/\/api.w.org\/{rel}","templated":true}]}}