{"id":559,"date":"2021-03-12T18:57:18","date_gmt":"2021-03-12T18:57:18","guid":{"rendered":"http:\/\/lenkakerlicka.com\/product\/wrap-statement-gold-ring-no-01\/"},"modified":"2024-04-14T13:52:56","modified_gmt":"2024-04-14T13:52:56","slug":"wrap-statement-gold-ring-no-01","status":"publish","type":"product","link":"https:\/\/www.lenkakerlicka.com\/cs\/product\/wrap-statement-gold-ring-no-01\/","title":{"rendered":"Wrap Statement gold ring No. 01"},"content":{"rendered":"<p><span style=\"font-weight: 400;\">N\u00e1dhern\u00fd prsten z ru\u010dn\u011b tvarovan\u00e9ho 18k zlata. Unik\u00e1tn\u00ed design pohodln\u011b obklopuje prst a na prvn\u00ed pohled zaujme sv\u00fdm zpracov\u00e1n\u00edm, kter\u00e9 zachycuje zd\u00e1nliv\u011b nepolapiteln\u00fd pohyb chv\u011bj\u00edc\u00edho se vzduchu. Ka\u017ed\u00fd \u0161perk je d\u00edky ru\u010dn\u00ed v\u00fdrob\u011b odli\u0161n\u00fd, \u017e\u00e1dn\u00fd nebude nikdy stejn\u00fd. Je tedy ide\u00e1ln\u00ed pro ty, kte\u0159\u00ed hledaj\u00ed jedine\u010dnost.<\/span><\/p>\n","protected":false},"excerpt":{"rendered":"<p>N\u00e1dhern\u00fd prsten z ru\u010dn\u011b tvarovan\u00e9ho 18k zlata. Unik\u00e1tn\u00ed design pohodln\u011b obklopuje prst a na prvn\u00ed&#8230;<\/p>\n","protected":false},"featured_media":563,"template":"","meta":[],"product_cat":[71],"product_tag":[74],"class_list":{"0":"post-559","1":"product","2":"type-product","3":"status-publish","4":"has-post-thumbnail","6":"product_cat-prsteny","7":"product_tag-wrap-cs","9":"first","10":"instock","11":"sold-individually","12":"taxable","13":"shipping-taxable","14":"purchasable","15":"product-type-variable"},"_links":{"self":[{"href":"https:\/\/www.lenkakerlicka.com\/cs\/wp-json\/wp\/v2\/product\/559","targetHints":{"allow":["GET"]}}],"collection":[{"href":"https:\/\/www.lenkakerlicka.com\/cs\/wp-json\/wp\/v2\/product"}],"about":[{"href":"https:\/\/www.lenkakerlicka.com\/cs\/wp-json\/wp\/v2\/types\/product"}],"wp:featuredmedia":[{"embeddable":true,"href":"https:\/\/www.lenkakerlicka.com\/cs\/wp-json\/wp\/v2\/media\/563"}],"wp:attachment":[{"href":"https:\/\/www.lenkakerlicka.com\/cs\/wp-json\/wp\/v2\/media?parent=559"}],"wp:term":[{"taxonomy":"product_cat","embeddable":true,"href":"https:\/\/www.lenkakerlicka.com\/cs\/wp-json\/wp\/v2\/product_cat?post=559"},{"taxonomy":"product_tag","embeddable":true,"href":"https:\/\/www.lenkakerlicka.com\/cs\/wp-json\/wp\/v2\/product_tag?post=559"}],"curies":[{"name":"wp","href":"https:\/\/api.w.org\/{rel}","templated":true}]}}