{"id":794,"date":"2022-12-06T00:02:19","date_gmt":"2022-12-06T00:02:19","guid":{"rendered":"https:\/\/lenkakerlicka.com\/?post_type=product&#038;p=794"},"modified":"2023-03-01T09:43:12","modified_gmt":"2023-03-01T09:43:12","slug":"wrap-chain-delicate","status":"publish","type":"product","link":"https:\/\/www.lenkakerlicka.com\/cs\/product\/wrap-chain-delicate\/","title":{"rendered":"Wrap Chain Delicate"},"content":{"rendered":"<p>Elegantn\u00ed n\u00e1ramek z ru\u010dn\u011b tvarovan\u00e9ho 18kar\u00e1tov\u00e9ho zlata. Propleten\u00e9 organick\u00e9 linie evokuj\u00ed jemn\u00fd \u0159et\u011bz p\u0159edstavuj\u00edc\u00ed celistvost, s\u00edlu a vz\u00e1jemn\u011b navazuj\u00edc\u00ed cykly, kter\u00e9 nemaj\u00ed zd\u00e1nliv\u00e9ho konce. P\u0159i pohledu na \u0161perk se m\u00e1 dostavit pocit ukotven\u00ed a harmonie. Pro tento \u00fa\u010del vymyslela \u0161perka\u0159ka Lenka Kerlick\u00e1 unik\u00e1tn\u00ed zp\u016fsob minimalistick\u00e9ho a p\u0159itom bezpe\u010dn\u00e9ho zap\u00edn\u00e1n\u00ed s pojistkou, kter\u00e9 nenaru\u0161uje design n\u00e1ramku. N\u00e1dhern\u00fd kus s n\u011b\u017en\u011bj\u0161\u00edmi oky ne\u017e Big Chain Wrap. Skv\u011ble se nos\u00ed, net\u00ed\u017e\u00ed z\u00e1p\u011bst\u00ed a kr\u00e1sn\u011b jej obejme.<\/p>\n","protected":false},"excerpt":{"rendered":"<p>Elegantn\u00ed n\u00e1ramek z ru\u010dn\u011b tvarovan\u00e9ho 18kar\u00e1tov\u00e9ho zlata. Propleten\u00e9 organick\u00e9 linie evokuj\u00ed jemn\u00fd \u0159et\u011bz p\u0159edstavuj\u00edc\u00ed celistvost,&#8230;<\/p>\n","protected":false},"featured_media":795,"template":"","meta":[],"product_cat":[66],"product_tag":[74],"class_list":{"0":"post-794","1":"product","2":"type-product","3":"status-publish","4":"has-post-thumbnail","6":"product_cat-naramky","7":"product_tag-wrap-cs","9":"first","10":"instock","11":"sold-individually","12":"taxable","13":"shipping-taxable","14":"product-type-variable"},"_links":{"self":[{"href":"https:\/\/www.lenkakerlicka.com\/cs\/wp-json\/wp\/v2\/product\/794","targetHints":{"allow":["GET"]}}],"collection":[{"href":"https:\/\/www.lenkakerlicka.com\/cs\/wp-json\/wp\/v2\/product"}],"about":[{"href":"https:\/\/www.lenkakerlicka.com\/cs\/wp-json\/wp\/v2\/types\/product"}],"wp:featuredmedia":[{"embeddable":true,"href":"https:\/\/www.lenkakerlicka.com\/cs\/wp-json\/wp\/v2\/media\/795"}],"wp:attachment":[{"href":"https:\/\/www.lenkakerlicka.com\/cs\/wp-json\/wp\/v2\/media?parent=794"}],"wp:term":[{"taxonomy":"product_cat","embeddable":true,"href":"https:\/\/www.lenkakerlicka.com\/cs\/wp-json\/wp\/v2\/product_cat?post=794"},{"taxonomy":"product_tag","embeddable":true,"href":"https:\/\/www.lenkakerlicka.com\/cs\/wp-json\/wp\/v2\/product_tag?post=794"}],"curies":[{"name":"wp","href":"https:\/\/api.w.org\/{rel}","templated":true}]}}