{"id":800,"date":"2022-12-06T07:25:10","date_gmt":"2022-12-06T07:25:10","guid":{"rendered":"https:\/\/lenkakerlicka.com\/?post_type=product&#038;p=800"},"modified":"2024-04-24T16:11:02","modified_gmt":"2024-04-24T16:11:02","slug":"hodinky-wrap","status":"publish","type":"product","link":"https:\/\/www.lenkakerlicka.com\/cs\/product\/hodinky-wrap\/","title":{"rendered":"Zlat\u00e9 hodinky Lenka Kerlick\u00e1"},"content":{"rendered":"<p>Jedine\u010dn\u00e9 d\u00e1msk\u00e9 n\u00e1ramkov\u00e9 hodinky Lenky Kerlick\u00e9, inspirovan\u00e9 elegantn\u00ed kolekc\u00ed Wrap, kter\u00e9 v sob\u011b snoub\u00ed kr\u00e1su modern\u00edch hodin\u00e1\u0159sk\u00fdch\u00a0technologi\u00ed s preciznost\u00ed tradi\u010dn\u00edho zlatnick\u00e9ho \u0159emesla.<\/p>\n<p>&nbsp;<\/p>\n<p>Um\u011bleck\u00e9 zpracov\u00e1n\u00ed z 60 gram\u016f 18kar\u00e1tov\u00e9ho zlata d\u00e1v\u00e1 vyniknout zd\u00e1nliv\u011b nepolapiteln\u00e9mu toku \u010dasu a pohybu, motivuje n\u00e1s zastavit a u\u017e\u00edvat si\u00a0v\u0161udyp\u0159\u00edtomn\u00fd okam\u017eik.<\/p>\n<p>&nbsp;<\/p>\n<p>Origin\u00e1ln\u00ed autorsk\u00e9 pojet\u00ed podtrhuje technologicky dokonal\u00e9 zpracov\u00e1n\u00ed s kvalitn\u00edm \u0161v\u00fdcarsk\u00fdm hodinkov\u00fdm strojkem a tvrzen\u00fdm saf\u00edrov\u00fdm sklem, kter\u00e9\u00a0bezpe\u010dn\u011b ochr\u00e1n\u00ed celozlat\u00fd cifern\u00edk se \u010dty\u0159mi p\u016fsobiv\u00fdmi diamanty briliantov\u00e9ho brusu. D\u00edky ru\u010dn\u00edmu zpracov\u00e1n\u00ed ka\u017ed\u00e9ho jednotliv\u00e9ho kusu se bude t\u011blo\u00a0\u0161perku v\u017edy m\u00edrn\u011b li\u0161it a na p\u0159\u00e1n\u00ed jej lze ve spolupr\u00e1ci s na\u0161imi nadan\u00fdmi zlatnicemi d\u00e1le personalizovat.<\/p>\n<p>&nbsp;<\/p>\n<p>Net\u00ed\u017e\u00ed z\u00e1p\u011bst\u00ed a perfektn\u011b sed\u00ed na ruce pomoc\u00ed unik\u00e1tn\u00edho typu neviditeln\u00e9ho zap\u00edn\u00e1n\u00ed, kter\u00e9 neru\u0161\u00ed celkov\u00fd estetick\u00fd dojem. Ide\u00e1ln\u00ed d\u00e1rek pro \u017eeny\u00a0miluj\u00edc\u00ed v\u00fdrazn\u00e9 a osobit\u00e9 \u0161perky.<\/p>\n<p>&nbsp;<\/p>\n<p>Cena z\u00e1kladn\u00ed verze od 500 000 K\u010d, pro v\u00edce informac\u00ed n\u00e1s kontaktujte na info@lenkakerlicka.com<\/p>\n","protected":false},"excerpt":{"rendered":"<p>Jedine\u010dn\u00e9 d\u00e1msk\u00e9 n\u00e1ramkov\u00e9 hodinky Lenky Kerlick\u00e9, inspirovan\u00e9 elegantn\u00ed kolekc\u00ed Wrap, kter\u00e9 v sob\u011b snoub\u00ed kr\u00e1su&#8230;<\/p>\n","protected":false},"featured_media":801,"template":"","meta":[],"product_cat":[115],"product_tag":[74],"class_list":{"0":"post-800","1":"product","2":"type-product","3":"status-publish","4":"has-post-thumbnail","6":"product_cat-hodinky","7":"product_tag-wrap-cs","9":"first","10":"outofstock","11":"sold-individually","12":"taxable","13":"shipping-taxable","14":"product-type-variable"},"_links":{"self":[{"href":"https:\/\/www.lenkakerlicka.com\/cs\/wp-json\/wp\/v2\/product\/800","targetHints":{"allow":["GET"]}}],"collection":[{"href":"https:\/\/www.lenkakerlicka.com\/cs\/wp-json\/wp\/v2\/product"}],"about":[{"href":"https:\/\/www.lenkakerlicka.com\/cs\/wp-json\/wp\/v2\/types\/product"}],"wp:featuredmedia":[{"embeddable":true,"href":"https:\/\/www.lenkakerlicka.com\/cs\/wp-json\/wp\/v2\/media\/801"}],"wp:attachment":[{"href":"https:\/\/www.lenkakerlicka.com\/cs\/wp-json\/wp\/v2\/media?parent=800"}],"wp:term":[{"taxonomy":"product_cat","embeddable":true,"href":"https:\/\/www.lenkakerlicka.com\/cs\/wp-json\/wp\/v2\/product_cat?post=800"},{"taxonomy":"product_tag","embeddable":true,"href":"https:\/\/www.lenkakerlicka.com\/cs\/wp-json\/wp\/v2\/product_tag?post=800"}],"curies":[{"name":"wp","href":"https:\/\/api.w.org\/{rel}","templated":true}]}}