{"id":859,"date":"2023-10-03T20:20:27","date_gmt":"2023-10-03T20:20:27","guid":{"rendered":"https:\/\/lenkakerlicka.com\/?post_type=product&#038;p=859"},"modified":"2024-09-02T08:27:48","modified_gmt":"2024-09-02T08:27:48","slug":"lk-x-ok-spojeni-no-01","status":"publish","type":"product","link":"https:\/\/www.lenkakerlicka.com\/cs\/product\/lk-x-ok-spojeni-no-01\/","title":{"rendered":"LK x OK SPOJENI no. 01"},"content":{"rendered":"<p><span style=\"font-weight: 400;\">Jedine\u010dn\u00fd unisexov\u00fd prsten s ru\u010dn\u011b vsazen\u00fdmi p\u0159\u00edrodn\u00edmi diamanty do 18k zlata (750\/1000). Design \u0161perku vych\u00e1z\u00ed z organick\u00fdch struktur rozlivu barev na vodn\u00ed hladin\u011b dvojice v\u00fdtvarn\u00edk\u016f Ondrash&amp;Ka\u0161p\u00e1rek pomoc\u00ed speci\u00e1ln\u00ed techniky kombinuj\u00edc\u00ed modern\u00ed 3D technologie s tradi\u010dn\u00edm zlatnick\u00fdm \u0159emeslem. Nas\u00edlen\u00e1 ov\u00e1ln\u00e1 hlava prstenu je bohat\u011b zdobena dev\u00edti brilianty, kter\u00e9 se vinou kolem n\u011bkolika prostorov\u011b v\u00fdrazn\u00fdch d\u011br, ikonick\u00fdch pro d\u00edla Ond\u0159eje Konup\u010d\u00edka a Radima Ka\u0161p\u00e1rka. Z kolekce SPOJENI pat\u0159\u00ed mezi nejp\u016fsobiv\u011bj\u0161\u00ed prsteny, kter\u00fd krom\u011b \u017eivelnosti zlata nab\u00edz\u00ed tak\u00e9 \u00fachvatnou hru barev a odrazu sv\u011btla diamant\u016f.<\/span><\/p>\n","protected":false},"excerpt":{"rendered":"<p>Jedine\u010dn\u00fd unisexov\u00fd prsten s ru\u010dn\u011b vsazen\u00fdmi p\u0159\u00edrodn\u00edmi diamanty do 18k zlata (750\/1000). Design \u0161perku vych\u00e1z\u00ed&#8230;<\/p>\n","protected":false},"featured_media":857,"template":"","meta":[],"product_cat":[71],"product_tag":[117],"class_list":{"0":"post-859","1":"product","2":"type-product","3":"status-publish","4":"has-post-thumbnail","6":"product_cat-prsteny","7":"product_tag-lkok","9":"first","10":"outofstock","11":"sold-individually","12":"taxable","13":"shipping-taxable","14":"product-type-variable"},"_links":{"self":[{"href":"https:\/\/www.lenkakerlicka.com\/cs\/wp-json\/wp\/v2\/product\/859","targetHints":{"allow":["GET"]}}],"collection":[{"href":"https:\/\/www.lenkakerlicka.com\/cs\/wp-json\/wp\/v2\/product"}],"about":[{"href":"https:\/\/www.lenkakerlicka.com\/cs\/wp-json\/wp\/v2\/types\/product"}],"wp:featuredmedia":[{"embeddable":true,"href":"https:\/\/www.lenkakerlicka.com\/cs\/wp-json\/wp\/v2\/media\/857"}],"wp:attachment":[{"href":"https:\/\/www.lenkakerlicka.com\/cs\/wp-json\/wp\/v2\/media?parent=859"}],"wp:term":[{"taxonomy":"product_cat","embeddable":true,"href":"https:\/\/www.lenkakerlicka.com\/cs\/wp-json\/wp\/v2\/product_cat?post=859"},{"taxonomy":"product_tag","embeddable":true,"href":"https:\/\/www.lenkakerlicka.com\/cs\/wp-json\/wp\/v2\/product_tag?post=859"}],"curies":[{"name":"wp","href":"https:\/\/api.w.org\/{rel}","templated":true}]}}