{"id":866,"date":"2023-10-03T20:45:03","date_gmt":"2023-10-03T20:45:03","guid":{"rendered":"https:\/\/lenkakerlicka.com\/?post_type=product&#038;p=866"},"modified":"2024-09-02T09:02:28","modified_gmt":"2024-09-02T09:02:28","slug":"lk-x-ok-spojeni-no-02","status":"publish","type":"product","link":"https:\/\/www.lenkakerlicka.com\/cs\/product\/lk-x-ok-spojeni-no-02\/","title":{"rendered":"LK x OK SPOJENI no. 02"},"content":{"rendered":"<p><span style=\"font-weight: 400;\">Origin\u00e1ln\u00ed unisexov\u00fd prsten z 18k zlata (750\/1000). Design \u0161perku vych\u00e1z\u00ed z organick\u00fdch struktur rozlivu barev na vodn\u00ed hladin\u011b dvojice v\u00fdtvarn\u00edk\u016f Ondrash&amp;Ka\u0161p\u00e1rek pomoc\u00ed speci\u00e1ln\u00ed techniky kombinuj\u00edc\u00ed modern\u00ed 3D technologie s tradi\u010dn\u00edm zlatnick\u00fdm \u0159emeslem. Nas\u00edlen\u00e1 hlava zachycuje precizn\u00ed, ru\u010dn\u011b tvarovan\u00e9 zvr\u00e1sn\u011bn\u00ed, kter\u00e9 se propl\u00e9t\u00e1 okolo n\u011bkolika v\u00fdrazn\u00fdch d\u011br, ikonick\u00fdch pro d\u00edla Ond\u0159eje Konup\u010d\u00edka a Radima Ka\u0161p\u00e1rka. Z kolekce SPOJENI pat\u0159\u00ed mezi nejp\u016fsobiv\u011bj\u0161\u00ed prsteny. Jeho \u010deln\u00ed strana jemn\u011b vystupuje vzh\u016fru, nositeli v\u0161ak nijak nep\u0159ek\u00e1\u017e\u00ed i p\u0159i ka\u017edodenn\u00edm no\u0161en\u00ed.<\/span><\/p>\n","protected":false},"excerpt":{"rendered":"<p>Origin\u00e1ln\u00ed unisexov\u00fd prsten z 18k zlata (750\/1000). Design \u0161perku vych\u00e1z\u00ed z organick\u00fdch struktur rozlivu barev&#8230;<\/p>\n","protected":false},"featured_media":864,"template":"","meta":[],"product_cat":[71],"product_tag":[117],"class_list":{"0":"post-866","1":"product","2":"type-product","3":"status-publish","4":"has-post-thumbnail","6":"product_cat-prsteny","7":"product_tag-lkok","9":"first","10":"outofstock","11":"sold-individually","12":"taxable","13":"shipping-taxable","14":"product-type-variable"},"_links":{"self":[{"href":"https:\/\/www.lenkakerlicka.com\/cs\/wp-json\/wp\/v2\/product\/866","targetHints":{"allow":["GET"]}}],"collection":[{"href":"https:\/\/www.lenkakerlicka.com\/cs\/wp-json\/wp\/v2\/product"}],"about":[{"href":"https:\/\/www.lenkakerlicka.com\/cs\/wp-json\/wp\/v2\/types\/product"}],"wp:featuredmedia":[{"embeddable":true,"href":"https:\/\/www.lenkakerlicka.com\/cs\/wp-json\/wp\/v2\/media\/864"}],"wp:attachment":[{"href":"https:\/\/www.lenkakerlicka.com\/cs\/wp-json\/wp\/v2\/media?parent=866"}],"wp:term":[{"taxonomy":"product_cat","embeddable":true,"href":"https:\/\/www.lenkakerlicka.com\/cs\/wp-json\/wp\/v2\/product_cat?post=866"},{"taxonomy":"product_tag","embeddable":true,"href":"https:\/\/www.lenkakerlicka.com\/cs\/wp-json\/wp\/v2\/product_tag?post=866"}],"curies":[{"name":"wp","href":"https:\/\/api.w.org\/{rel}","templated":true}]}}