{"id":871,"date":"2023-10-03T21:09:06","date_gmt":"2023-10-03T21:09:06","guid":{"rendered":"https:\/\/lenkakerlicka.com\/?post_type=product&#038;p=871"},"modified":"2024-09-02T09:02:33","modified_gmt":"2024-09-02T09:02:33","slug":"lk-x-ok-spojeni-no-03","status":"publish","type":"product","link":"https:\/\/www.lenkakerlicka.com\/cs\/product\/lk-x-ok-spojeni-no-03\/","title":{"rendered":"LK x OK SPOJENI no. 03"},"content":{"rendered":"<p><span style=\"font-weight: 400;\">N\u00e1dhern\u00fd unisexov\u00fd prsten z 18k zlata (750\/1000). Design \u0161perku vych\u00e1z\u00ed z dynamick\u00fdch struktur rozlivu barev na vodn\u00ed hladin\u011b dvojice v\u00fdtvarn\u00edk\u016f Ondrash&amp;Ka\u0161p\u00e1rek pomoc\u00ed speci\u00e1ln\u00ed techniky kombinuj\u00edc\u00ed modern\u00ed 3D technologie s tradi\u010dn\u00edm zlatnick\u00fdm \u0159emeslem. Hlava prstenu ihned zaujme hladkou plochou, kter\u00e1 kontrastn\u011b zdob\u00ed organicky tvarovanou obrou\u010dku. Z kolekce SPOJENI se jedn\u00e1 o subtiln\u011bj\u0161\u00ed model, kter\u00fd lze nosit i coby origin\u00e1ln\u00ed pe\u010detn\u00ed prsten na mal\u00ed\u010dku. <\/span><\/p>\n","protected":false},"excerpt":{"rendered":"<p>N\u00e1dhern\u00fd unisexov\u00fd prsten z 18k zlata (750\/1000). Design \u0161perku vych\u00e1z\u00ed z dynamick\u00fdch struktur rozlivu barev&#8230;<\/p>\n","protected":false},"featured_media":874,"template":"","meta":[],"product_cat":[71],"product_tag":[117],"class_list":{"0":"post-871","1":"product","2":"type-product","3":"status-publish","4":"has-post-thumbnail","6":"product_cat-prsteny","7":"product_tag-lkok","9":"first","10":"outofstock","11":"sold-individually","12":"taxable","13":"shipping-taxable","14":"product-type-variable"},"_links":{"self":[{"href":"https:\/\/www.lenkakerlicka.com\/cs\/wp-json\/wp\/v2\/product\/871","targetHints":{"allow":["GET"]}}],"collection":[{"href":"https:\/\/www.lenkakerlicka.com\/cs\/wp-json\/wp\/v2\/product"}],"about":[{"href":"https:\/\/www.lenkakerlicka.com\/cs\/wp-json\/wp\/v2\/types\/product"}],"wp:featuredmedia":[{"embeddable":true,"href":"https:\/\/www.lenkakerlicka.com\/cs\/wp-json\/wp\/v2\/media\/874"}],"wp:attachment":[{"href":"https:\/\/www.lenkakerlicka.com\/cs\/wp-json\/wp\/v2\/media?parent=871"}],"wp:term":[{"taxonomy":"product_cat","embeddable":true,"href":"https:\/\/www.lenkakerlicka.com\/cs\/wp-json\/wp\/v2\/product_cat?post=871"},{"taxonomy":"product_tag","embeddable":true,"href":"https:\/\/www.lenkakerlicka.com\/cs\/wp-json\/wp\/v2\/product_tag?post=871"}],"curies":[{"name":"wp","href":"https:\/\/api.w.org\/{rel}","templated":true}]}}