{"id":886,"date":"2023-10-03T21:27:13","date_gmt":"2023-10-03T21:27:13","guid":{"rendered":"https:\/\/lenkakerlicka.com\/?post_type=product&#038;p=886"},"modified":"2024-09-02T09:02:48","modified_gmt":"2024-09-02T09:02:48","slug":"lk-x-ok-spojeni-no-06","status":"publish","type":"product","link":"https:\/\/www.lenkakerlicka.com\/cs\/product\/lk-x-ok-spojeni-no-06\/","title":{"rendered":"LK x OK SPOJENI no. 06"},"content":{"rendered":"<p><span style=\"font-weight: 400;\">Unik\u00e1tn\u00ed unisexov\u00fd prsten z 18k zlata (750\/1000). Design \u0161perku vych\u00e1z\u00ed z organick\u00fdch struktur rozlivu barev na vodn\u00ed hladin\u011b dvojice v\u00fdtvarn\u00edk\u016f Ondrash&amp;Ka\u0161p\u00e1rek pomoc\u00ed speci\u00e1ln\u00ed techniky kombinuj\u00edc\u00ed modern\u00ed 3D technologie s tradi\u010dn\u00edm zlatnick\u00fdm \u0159emeslem. Prstenu v nas\u00edlen\u00e9 hlav\u011b dominuje precizn\u00ed, ru\u010dn\u011b tvarovan\u00e9 zvr\u00e1sn\u011bn\u00ed evokuj\u00edc\u00ed dynamick\u00fd tok vody nebo vlaj\u00edc\u00ed l\u00e1tku. V\u00fdrazn\u00fd pr\u016fzor ve \u0161perku sou\u010dasn\u011b odkazuje k \u010dern\u00fdm d\u00edr\u00e1m, ikonick\u00fdch pro d\u00edla Ond\u0159eje Konup\u010d\u00edka a Radima Ka\u0161p\u00e1rka. Z kolekce <\/span><span style=\"font-weight: 400;\">SPOJENI pat\u0159\u00ed mezi nejmasivn\u011bj\u0161\u00ed prsteny, i p\u0159es sv\u016fj origin\u00e1ln\u00ed tvar je v\u0161ak \u0161perk <\/span><span style=\"font-weight: 400;\">lehk\u00fd a pohodln\u00fd na no\u0161en\u00ed.\u00a0<\/span><\/p>\n<p><br style=\"font-weight: 400;\" \/><br style=\"font-weight: 400;\" \/><\/p>\n","protected":false},"excerpt":{"rendered":"<p>Unik\u00e1tn\u00ed unisexov\u00fd prsten z 18k zlata (750\/1000). Design \u0161perku vych\u00e1z\u00ed z organick\u00fdch struktur rozlivu barev&#8230;<\/p>\n","protected":false},"featured_media":889,"template":"","meta":[],"product_cat":[71],"product_tag":[117],"class_list":{"0":"post-886","1":"product","2":"type-product","3":"status-publish","4":"has-post-thumbnail","6":"product_cat-prsteny","7":"product_tag-lkok","9":"first","10":"outofstock","11":"sold-individually","12":"taxable","13":"shipping-taxable","14":"product-type-variable"},"_links":{"self":[{"href":"https:\/\/www.lenkakerlicka.com\/cs\/wp-json\/wp\/v2\/product\/886","targetHints":{"allow":["GET"]}}],"collection":[{"href":"https:\/\/www.lenkakerlicka.com\/cs\/wp-json\/wp\/v2\/product"}],"about":[{"href":"https:\/\/www.lenkakerlicka.com\/cs\/wp-json\/wp\/v2\/types\/product"}],"wp:featuredmedia":[{"embeddable":true,"href":"https:\/\/www.lenkakerlicka.com\/cs\/wp-json\/wp\/v2\/media\/889"}],"wp:attachment":[{"href":"https:\/\/www.lenkakerlicka.com\/cs\/wp-json\/wp\/v2\/media?parent=886"}],"wp:term":[{"taxonomy":"product_cat","embeddable":true,"href":"https:\/\/www.lenkakerlicka.com\/cs\/wp-json\/wp\/v2\/product_cat?post=886"},{"taxonomy":"product_tag","embeddable":true,"href":"https:\/\/www.lenkakerlicka.com\/cs\/wp-json\/wp\/v2\/product_tag?post=886"}],"curies":[{"name":"wp","href":"https:\/\/api.w.org\/{rel}","templated":true}]}}