{"id":891,"date":"2023-10-03T21:30:32","date_gmt":"2023-10-03T21:30:32","guid":{"rendered":"https:\/\/lenkakerlicka.com\/?post_type=product&#038;p=891"},"modified":"2024-09-02T09:02:53","modified_gmt":"2024-09-02T09:02:53","slug":"lk-x-ok-spojeni-no-07","status":"publish","type":"product","link":"https:\/\/www.lenkakerlicka.com\/cs\/product\/lk-x-ok-spojeni-no-07\/","title":{"rendered":"LK x OK SPOJENI no. 07"},"content":{"rendered":"<p><span style=\"font-weight: 400;\">N\u00e1padit\u00fd unisexov\u00fd prsten s ru\u010dn\u011b vsazenou dvojic\u00ed p\u0159\u00edrodn\u00edho \u010dern\u00e9ho a \u0161ed\u00e9ho diamantu do 18k zlata (750\/1000). Design \u0161perku vych\u00e1z\u00ed z organick\u00fdch struktur rozlivu barev na vodn\u00ed hladin\u011b dvojice v\u00fdtvarn\u00edk\u016f Ondrash&amp;Ka\u0161p\u00e1rek pomoc\u00ed speci\u00e1ln\u00ed techniky kombinuj\u00edc\u00ed modern\u00ed 3D technologie s tradi\u010dn\u00edm zlatnick\u00fdm \u0159emeslem. Nas\u00edlen\u00e1 ov\u00e1ln\u00e1 hlava prstenu je zdobena v\u00fdrazn\u00fdmi brilianty, kter\u00e9 jsou usazeny mezi ru\u010dn\u011b tvarovan\u00e9 vrstvy zlata evokuj\u00edc\u00ed tok vody nebo vlaj\u00edc\u00ed l\u00e1tku. Z kolekce SPOJENI pat\u0159\u00ed mezi nejp\u016fsobiv\u011bj\u0161\u00ed prsteny, kter\u00fd krom\u011b \u017eivelnosti zlata nab\u00edz\u00ed tak\u00e9 hru odlesk\u016f barevn\u00fdch drahokam\u016f.<\/span><\/p>\n","protected":false},"excerpt":{"rendered":"<p>N\u00e1padit\u00fd unisexov\u00fd prsten s ru\u010dn\u011b vsazenou dvojic\u00ed p\u0159\u00edrodn\u00edho \u010dern\u00e9ho a \u0161ed\u00e9ho diamantu do 18k zlata&#8230;<\/p>\n","protected":false},"featured_media":892,"template":"","meta":[],"product_cat":[71],"product_tag":[117],"class_list":{"0":"post-891","1":"product","2":"type-product","3":"status-publish","4":"has-post-thumbnail","6":"product_cat-prsteny","7":"product_tag-lkok","9":"first","10":"outofstock","11":"sold-individually","12":"taxable","13":"shipping-taxable","14":"product-type-variable"},"_links":{"self":[{"href":"https:\/\/www.lenkakerlicka.com\/cs\/wp-json\/wp\/v2\/product\/891","targetHints":{"allow":["GET"]}}],"collection":[{"href":"https:\/\/www.lenkakerlicka.com\/cs\/wp-json\/wp\/v2\/product"}],"about":[{"href":"https:\/\/www.lenkakerlicka.com\/cs\/wp-json\/wp\/v2\/types\/product"}],"wp:featuredmedia":[{"embeddable":true,"href":"https:\/\/www.lenkakerlicka.com\/cs\/wp-json\/wp\/v2\/media\/892"}],"wp:attachment":[{"href":"https:\/\/www.lenkakerlicka.com\/cs\/wp-json\/wp\/v2\/media?parent=891"}],"wp:term":[{"taxonomy":"product_cat","embeddable":true,"href":"https:\/\/www.lenkakerlicka.com\/cs\/wp-json\/wp\/v2\/product_cat?post=891"},{"taxonomy":"product_tag","embeddable":true,"href":"https:\/\/www.lenkakerlicka.com\/cs\/wp-json\/wp\/v2\/product_tag?post=891"}],"curies":[{"name":"wp","href":"https:\/\/api.w.org\/{rel}","templated":true}]}}