{"id":896,"date":"2023-10-03T21:40:47","date_gmt":"2023-10-03T21:40:47","guid":{"rendered":"https:\/\/lenkakerlicka.com\/?post_type=product&#038;p=896"},"modified":"2024-09-02T09:02:58","modified_gmt":"2024-09-02T09:02:58","slug":"lk-x-ok-spojeni-no-08","status":"publish","type":"product","link":"https:\/\/www.lenkakerlicka.com\/cs\/product\/lk-x-ok-spojeni-no-08\/","title":{"rendered":"LK x OK SPOJENI no. 08"},"content":{"rendered":"<p><span style=\"font-weight: 400;\">Origin\u00e1ln\u00ed unisexov\u00fd prsten z 18k zlata (750\/1000). Design \u0161perku vych\u00e1z\u00ed z organick\u00fdch struktur rozlivu barev na vodn\u00ed hladin\u011b dvojice v\u00fdtvarn\u00edk\u016f Ondrash&amp;Ka\u0161p\u00e1rek pomoc\u00ed speci\u00e1ln\u00ed techniky kombinuj\u00edc\u00ed modern\u00ed 3D technologie s tradi\u010dn\u00edm zlatnick\u00fdm \u0159emeslem. Prstenu po cel\u00e9 d\u00e9lce obrou\u010dky dominuje precizn\u00ed, ru\u010dn\u011b tvarovan\u00e9 zvr\u00e1sn\u011bn\u00ed evokuj\u00edc\u00ed dynamick\u00fd tok vody nebo vlaj\u00edc\u00ed l\u00e1tku. Pr\u016fzory ve \u0161perku sou\u010dasn\u011b odkazuj\u00ed k \u010dern\u00fdm d\u00edr\u00e1m, ikonick\u00fdch pro d\u00edla Ond\u0159eje Konup\u010d\u00edka a Radima Ka\u0161p\u00e1rka. I p\u0159es sv\u016fj jedine\u010dn\u00fd tvar je \u0161perk lehk\u00fd a pohodln\u00fd na no\u0161en\u00ed. <\/span><\/p>\n","protected":false},"excerpt":{"rendered":"<p>Origin\u00e1ln\u00ed unisexov\u00fd prsten z 18k zlata (750\/1000). Design \u0161perku vych\u00e1z\u00ed z organick\u00fdch struktur rozlivu barev&#8230;<\/p>\n","protected":false},"featured_media":897,"template":"","meta":[],"product_cat":[71],"product_tag":[117],"class_list":{"0":"post-896","1":"product","2":"type-product","3":"status-publish","4":"has-post-thumbnail","6":"product_cat-prsteny","7":"product_tag-lkok","9":"first","10":"outofstock","11":"sold-individually","12":"taxable","13":"shipping-taxable","14":"product-type-variable"},"_links":{"self":[{"href":"https:\/\/www.lenkakerlicka.com\/cs\/wp-json\/wp\/v2\/product\/896","targetHints":{"allow":["GET"]}}],"collection":[{"href":"https:\/\/www.lenkakerlicka.com\/cs\/wp-json\/wp\/v2\/product"}],"about":[{"href":"https:\/\/www.lenkakerlicka.com\/cs\/wp-json\/wp\/v2\/types\/product"}],"wp:featuredmedia":[{"embeddable":true,"href":"https:\/\/www.lenkakerlicka.com\/cs\/wp-json\/wp\/v2\/media\/897"}],"wp:attachment":[{"href":"https:\/\/www.lenkakerlicka.com\/cs\/wp-json\/wp\/v2\/media?parent=896"}],"wp:term":[{"taxonomy":"product_cat","embeddable":true,"href":"https:\/\/www.lenkakerlicka.com\/cs\/wp-json\/wp\/v2\/product_cat?post=896"},{"taxonomy":"product_tag","embeddable":true,"href":"https:\/\/www.lenkakerlicka.com\/cs\/wp-json\/wp\/v2\/product_tag?post=896"}],"curies":[{"name":"wp","href":"https:\/\/api.w.org\/{rel}","templated":true}]}}